{"id":222584,"date":"2022-01-19T10:39:01","date_gmt":"2022-01-19T10:39:01","guid":{"rendered":"https:\/\/www.paper-tech.com.pl\/?page_id=222584"},"modified":"2022-02-04T15:38:06","modified_gmt":"2022-02-04T15:38:06","slug":"tasmy-odblaskowe","status":"publish","type":"page","link":"https:\/\/www.paper-tech.com.pl\/index.php\/tasmy-odblaskowe\/","title":{"rendered":"Ta\u015bmy odblaskowe"},"content":{"rendered":"<p>[et_pb_section fb_built=&#8221;1&#8243; theme_builder_area=&#8221;post_content&#8221; _builder_version=&#8221;4.14.1&#8243; _module_preset=&#8221;default&#8221;][et_pb_row _builder_version=&#8221;4.14.1&#8243; _module_preset=&#8221;default&#8221; theme_builder_area=&#8221;post_content&#8221; column_structure=&#8221;1_2,1_2&#8243;][et_pb_column _builder_version=&#8221;4.14.1&#8243; _module_preset=&#8221;default&#8221; type=&#8221;1_2&#8243; theme_builder_area=&#8221;post_content&#8221;][et_pb_image src=&#8221;http:\/\/www.paper-tech.com.pl\/wp-content\/uploads\/2022\/02\/IMG20220202210053-scaled.jpg&#8221; _builder_version=&#8221;4.14.1&#8243; _module_preset=&#8221;default&#8221; theme_builder_area=&#8221;post_content&#8221; title_text=&#8221;IMG20220202210053&#8243; hover_enabled=&#8221;0&#8243; sticky_enabled=&#8221;0&#8243;][\/et_pb_image][\/et_pb_column][et_pb_column _builder_version=&#8221;4.14.1&#8243; _module_preset=&#8221;default&#8221; type=&#8221;1_2&#8243; theme_builder_area=&#8221;post_content&#8221;][et_pb_text _builder_version=&#8221;4.14.1&#8243; _module_preset=&#8221;default&#8221; theme_builder_area=&#8221;post_content&#8221; text_font=&#8221;Montserrat||||||||&#8221; text_font_size=&#8221;17px&#8221; text_letter_spacing=&#8221;1px&#8221; hover_enabled=&#8221;0&#8243; sticky_enabled=&#8221;0&#8243;]<\/p>\n<p><span>Proponowane przez nas ta\u015bmy odblaskowe mo\u017cemy podzieli\u0107 na dwa rodzaje, ta\u015bmy g\u0142adkie i o strukturze plastra miodu.<\/span><br \/><span>Ta\u015bmy o strukturze plastra miodu charakteryzuj\u0105 si\u0119 bardzo du\u017cym wsp\u00f3\u0142czynnikiem odblasku.<\/span><br \/><span>Przeznaczone s\u0105 najcz\u0119\u015bciej do oznacze\u0144 konturowych aut, naczep, przyczep, kufr\u00f3w motocykli itp\u00a0<\/span><br \/><span>Ta\u015bma posiada du\u017c\u0105 odporno\u015b\u0107 na warunki atmosferyczne oraz na uszkodzenia mechaniczne.<\/span><br \/><span>Odporno\u015b\u0107 na temperatury od -30 do 60 stopni C pozwala na prac\u0119 w ci\u0119\u017ckich warunkach.<\/span><br \/><span>Ta\u015bmy wykonane s\u0105 z bardzo wytrzyma\u0142ego pcv odpornego na zarysowania.<\/span><br \/><span>Ta\u015bmy g\u0142adkie odblaskowe podobnie jak ta\u015bmy o strukturze plastra miodu s\u0105 wykonane z pcv lecz jest nieco cie\u0144szy.<\/span><br \/><span>Ta\u015bmy g\u0142adkie s\u0105 przeznaczone do oznacze\u0144 kraw\u0119dzi \u015bcian, wystaj\u0105cych element\u00f3w konstrukcji, w\u0142\u0105cznik\u00f3w \u015bwiat\u0142a, gniazd, s\u0142upk\u00f3w parkingowych .<\/span><br \/><span>Ich zakres temperatury jest r\u00f3wnie\u017c od -30 do 60 stopni C\u00a0<\/span><br \/><span>Ta\u015bmy zar\u00f3wno g\u0142adkie jak i o strukturze plastra miodu posiadaj\u0105 klej na bazie solventu.<\/span><\/p>\n<p>[\/et_pb_text][\/et_pb_column][\/et_pb_row][\/et_pb_section]<\/p>\n","protected":false},"excerpt":{"rendered":"<p>[et_pb_section fb_built=&#8221;1&#8243; theme_builder_area=&#8221;post_content&#8221; _builder_version=&#8221;4.14.1&#8243; _module_preset=&#8221;default&#8221;][et_pb_row _builder_version=&#8221;4.14.1&#8243; _module_preset=&#8221;default&#8221; theme_builder_area=&#8221;post_content&#8221; column_structure=&#8221;1_2,1_2&#8243;][et_pb_column _builder_version=&#8221;4.14.1&#8243; _module_preset=&#8221;default&#8221; type=&#8221;1_2&#8243; theme_builder_area=&#8221;post_content&#8221;][et_pb_image src=&#8221;http:\/\/www.paper-tech.com.pl\/wp-content\/uploads\/2022\/02\/IMG20220202210053-scaled.jpg&#8221; _builder_version=&#8221;4.14.1&#8243; _module_preset=&#8221;default&#8221; theme_builder_area=&#8221;post_content&#8221; title_text=&#8221;IMG20220202210053&#8243; hover_enabled=&#8221;0&#8243; sticky_enabled=&#8221;0&#8243;][\/et_pb_image][\/et_pb_column][et_pb_column _builder_version=&#8221;4.14.1&#8243; _module_preset=&#8221;default&#8221; type=&#8221;1_2&#8243; theme_builder_area=&#8221;post_content&#8221;][et_pb_text _builder_version=&#8221;4.14.1&#8243; _module_preset=&#8221;default&#8221; theme_builder_area=&#8221;post_content&#8221; text_font=&#8221;Montserrat||||||||&#8221; text_font_size=&#8221;17px&#8221; text_letter_spacing=&#8221;1px&#8221; hover_enabled=&#8221;0&#8243; sticky_enabled=&#8221;0&#8243;] Proponowane przez nas ta\u015bmy odblaskowe mo\u017cemy podzieli\u0107 na dwa rodzaje, ta\u015bmy g\u0142adkie i o strukturze plastra miodu.Ta\u015bmy o strukturze plastra miodu charakteryzuj\u0105 si\u0119 &hellip; <\/p>\n","protected":false},"author":1,"featured_media":0,"parent":0,"menu_order":0,"comment_status":"closed","ping_status":"closed","template":"","meta":{"om_disable_all_campaigns":false,"_monsterinsights_skip_tracking":false,"_monsterinsights_sitenote_active":false,"_monsterinsights_sitenote_note":"","_monsterinsights_sitenote_category":0,"footnotes":""},"class_list":["post-222584","page","type-page","status-publish","hentry","grid-sizer"],"aioseo_notices":[],"_links":{"self":[{"href":"https:\/\/www.paper-tech.com.pl\/index.php\/wp-json\/wp\/v2\/pages\/222584","targetHints":{"allow":["GET"]}}],"collection":[{"href":"https:\/\/www.paper-tech.com.pl\/index.php\/wp-json\/wp\/v2\/pages"}],"about":[{"href":"https:\/\/www.paper-tech.com.pl\/index.php\/wp-json\/wp\/v2\/types\/page"}],"author":[{"embeddable":true,"href":"https:\/\/www.paper-tech.com.pl\/index.php\/wp-json\/wp\/v2\/users\/1"}],"replies":[{"embeddable":true,"href":"https:\/\/www.paper-tech.com.pl\/index.php\/wp-json\/wp\/v2\/comments?post=222584"}],"version-history":[{"count":3,"href":"https:\/\/www.paper-tech.com.pl\/index.php\/wp-json\/wp\/v2\/pages\/222584\/revisions"}],"predecessor-version":[{"id":222782,"href":"https:\/\/www.paper-tech.com.pl\/index.php\/wp-json\/wp\/v2\/pages\/222584\/revisions\/222782"}],"wp:attachment":[{"href":"https:\/\/www.paper-tech.com.pl\/index.php\/wp-json\/wp\/v2\/media?parent=222584"}],"curies":[{"name":"wp","href":"https:\/\/api.w.org\/{rel}","templated":true}]}}