{"id":222600,"date":"2022-01-23T08:50:52","date_gmt":"2022-01-23T08:50:52","guid":{"rendered":"https:\/\/www.paper-tech.com.pl\/?page_id=222600"},"modified":"2022-01-26T20:38:27","modified_gmt":"2022-01-26T20:38:27","slug":"siatka-filtracyjna","status":"publish","type":"page","link":"https:\/\/www.paper-tech.com.pl\/index.php\/siatka-filtracyjna\/","title":{"rendered":"Siatka filtracyjna"},"content":{"rendered":"<p>[et_pb_section fb_built=&#8221;1&#8243; theme_builder_area=&#8221;post_content&#8221; _builder_version=&#8221;4.14.1&#8243; _module_preset=&#8221;default&#8221;][et_pb_row _builder_version=&#8221;4.14.1&#8243; _module_preset=&#8221;default&#8221; theme_builder_area=&#8221;post_content&#8221;][et_pb_column _builder_version=&#8221;4.14.1&#8243; _module_preset=&#8221;default&#8221; type=&#8221;4_4&#8243; theme_builder_area=&#8221;post_content&#8221;][et_pb_text _builder_version=&#8221;4.14.1&#8243; _module_preset=&#8221;default&#8221; theme_builder_area=&#8221;post_content&#8221; text_font=&#8221;Montserrat||||||||&#8221; text_font_size=&#8221;17px&#8221; text_letter_spacing=&#8221;1px&#8221; hover_enabled=&#8221;0&#8243; sticky_enabled=&#8221;0&#8243;]<\/p>\n<h1 class=\"gwp6e1db734_h1\">SIATKI FILTRACYJNE<\/h1>\n<div class=\"gwp6e1db734_text-muted\">\n<p><span>Siatki filtracyjne<\/span>\u00a0na bazie w\u0142\u00f3kien poliamidowych charakteryzuj\u0105 si\u0119 wysok\u0105 skuteczno\u015bci\u0105 filtracji zanieczyszcze\u0144!<\/p>\n<p>Poliamid jest materia\u0142em syntetycznym niepodatnym na czynniki zewn\u0119trzne, przez co jego \u017cywotno\u015b\u0107 i jest znacznie d\u0142u\u017csza ni\u017c innych materia\u0142\u00f3w.<\/p>\n<p>W\u0142\u00f3kna siatek poliamidowych maj\u0105 wi\u0119ksz\u0105 g\u0119sto\u015b\u0107 w stosunku do innych materia\u0142\u00f3w takich jak papier, nie wymagaj\u0105 te\u017c stosowania dodatkowych \u015brodk\u00f3w chemicznych przed\u0142u\u017caj\u0105cych \u017cywotno\u015b\u0107.<\/p>\n<\/div>\n<p>[\/et_pb_text][\/et_pb_column][\/et_pb_row][\/et_pb_section]<\/p>\n","protected":false},"excerpt":{"rendered":"<p>[et_pb_section fb_built=&#8221;1&#8243; theme_builder_area=&#8221;post_content&#8221; _builder_version=&#8221;4.14.1&#8243; _module_preset=&#8221;default&#8221;][et_pb_row _builder_version=&#8221;4.14.1&#8243; _module_preset=&#8221;default&#8221; theme_builder_area=&#8221;post_content&#8221;][et_pb_column _builder_version=&#8221;4.14.1&#8243; _module_preset=&#8221;default&#8221; type=&#8221;4_4&#8243; theme_builder_area=&#8221;post_content&#8221;][et_pb_text _builder_version=&#8221;4.14.1&#8243; _module_preset=&#8221;default&#8221; theme_builder_area=&#8221;post_content&#8221; text_font=&#8221;Montserrat||||||||&#8221; text_font_size=&#8221;17px&#8221; text_letter_spacing=&#8221;1px&#8221; hover_enabled=&#8221;0&#8243; sticky_enabled=&#8221;0&#8243;] SIATKI FILTRACYJNE Siatki filtracyjne\u00a0na bazie w\u0142\u00f3kien poliamidowych charakteryzuj\u0105 si\u0119 wysok\u0105 skuteczno\u015bci\u0105 filtracji zanieczyszcze\u0144! Poliamid jest materia\u0142em syntetycznym niepodatnym na czynniki zewn\u0119trzne, przez co jego \u017cywotno\u015b\u0107 i jest znacznie d\u0142u\u017csza ni\u017c innych materia\u0142\u00f3w. W\u0142\u00f3kna siatek poliamidowych &hellip; <\/p>\n","protected":false},"author":1,"featured_media":0,"parent":0,"menu_order":0,"comment_status":"closed","ping_status":"closed","template":"","meta":{"om_disable_all_campaigns":false,"_monsterinsights_skip_tracking":false,"_monsterinsights_sitenote_active":false,"_monsterinsights_sitenote_note":"","_monsterinsights_sitenote_category":0,"footnotes":""},"class_list":["post-222600","page","type-page","status-publish","hentry","grid-sizer"],"aioseo_notices":[],"_links":{"self":[{"href":"https:\/\/www.paper-tech.com.pl\/index.php\/wp-json\/wp\/v2\/pages\/222600","targetHints":{"allow":["GET"]}}],"collection":[{"href":"https:\/\/www.paper-tech.com.pl\/index.php\/wp-json\/wp\/v2\/pages"}],"about":[{"href":"https:\/\/www.paper-tech.com.pl\/index.php\/wp-json\/wp\/v2\/types\/page"}],"author":[{"embeddable":true,"href":"https:\/\/www.paper-tech.com.pl\/index.php\/wp-json\/wp\/v2\/users\/1"}],"replies":[{"embeddable":true,"href":"https:\/\/www.paper-tech.com.pl\/index.php\/wp-json\/wp\/v2\/comments?post=222600"}],"version-history":[{"count":3,"href":"https:\/\/www.paper-tech.com.pl\/index.php\/wp-json\/wp\/v2\/pages\/222600\/revisions"}],"predecessor-version":[{"id":222734,"href":"https:\/\/www.paper-tech.com.pl\/index.php\/wp-json\/wp\/v2\/pages\/222600\/revisions\/222734"}],"wp:attachment":[{"href":"https:\/\/www.paper-tech.com.pl\/index.php\/wp-json\/wp\/v2\/media?parent=222600"}],"curies":[{"name":"wp","href":"https:\/\/api.w.org\/{rel}","templated":true}]}}