{"id":223358,"date":"2023-12-27T09:39:52","date_gmt":"2023-12-27T09:39:52","guid":{"rendered":"https:\/\/www.paper-tech.com.pl\/?page_id=223358"},"modified":"2026-02-18T09:06:32","modified_gmt":"2026-02-18T09:06:32","slug":"tasmy-budowlane-2","status":"publish","type":"page","link":"https:\/\/www.paper-tech.com.pl\/index.php\/tasmy-budowlane-2\/","title":{"rendered":"Ta\u015bmy budowlane"},"content":{"rendered":"\n<div class=\"wp-block-columns is-layout-flex wp-container-core-columns-is-layout-9d6595d7 wp-block-columns-is-layout-flex\">\n<div class=\"wp-block-column is-layout-flow wp-block-column-is-layout-flow\" style=\"flex-basis:50%\">\n<p><strong>Ta\u015bmy akustyczne<\/strong>&nbsp;Wykonane z wysokiej jako\u015bci elastycznej pianki polietylenowej o strukturze zamkni\u0119tych kom\u00f3rek. Ta\u015bmy dobrze przylegaj\u0105 do powierzchni. Z uwagi na bardzo dobre w\u0142a\u015bciwo\u015bci izolacyjne oraz wyg\u0142uszaj\u0105ce jest materia\u0142em z powodzeniem wykorzystywanym przy instalacji system\u00f3w lekkiej zabudowy. Ta\u015bmy podnosz\u0105 izolacj\u0119-zapobiegaj\u0105 powstaniu p\u0119kni\u0119\u0107. Pianka nie ch\u0142onie wody i izoluje ciep\u0142o. Ta\u015bmy posiada bardzo nisk\u0105 para-przepuszczalno\u015b\u0107, a warstwa kleju umo\u017cliwia bardzo \u0142atwy monta\u017c i wygod\u0119 pracy. Ta\u015bmy r\u00f3wnie\u017c wykorzystywana jest przy monta\u017cu instalacji wentylacyjnych do \u0142\u0105czenia i uszczelniania metalowych element\u00f3w.<\/p>\n\n\n\n<p><strong>Ta\u015bmy tynkarskie<\/strong>&nbsp;Bardzo wszechstronne ta\u015bmy budowlane. Znajduj\u0105 zastosowanie przy odcinaniu tynk\u00f3w, sklejaniu folii ochronnej, zabezpieczaniu drzwi, okien. Ta\u015bmy mo\u017cna stosowa\u0107 wewn\u0105trz i na zewn\u0105trz pomieszcze\u0144. Ta\u015bmy bardzo elastyczne oraz \u0142atwe w przerywaniu w d\u0142oniach.<\/p>\n\n\n\n<p><strong>Ta\u015bmy antyrysowe&nbsp;<\/strong>Wykonane z w\u0142\u00f3kna szklanego s\u0142u\u017c\u0105 do maskowania p\u0119kni\u0119\u0107 pojawiaj\u0105cych si\u0119 na p\u0142ytach gipsowo-kartonowych. Ta\u015bmy s\u0142u\u017cy do ochrony powierzchni przed zarysowaniem, uszkodzeniem, a tak\u017ce przed zanieczyszczeniem. S\u0105 stosowane przede wszystkim podczas prac remontowych, malarskich lub innych prac budowlanych. Przykleja si\u0119 je na miejsca, kt\u00f3re wymagaj\u0105 ochrony przed zarysowaniem lub zabrudzeniem, takie jak np. listwy przypod\u0142ogowe, progi, \u015bciany, drzwi, meble, itp. Ta\u015bmy nie pozostawiaj\u0105 \u015blad\u00f3w kleju ani po usuni\u0119ciu, ani po d\u0142u\u017cszym czasie u\u017cytkowania.<\/p>\n\n\n\n<p><strong>Ta\u015bmy malarskie papierowe<\/strong>&nbsp;Wysokiej jako\u015bci ta\u015bmy, kt\u00f3re pozwalaj\u0105 na precyzyjne malowanie i ochron\u0119 powierzchni przed farb\u0105, lakierem i innymi substancjami chemicznymi. Charakteryzuj\u0105 si\u0119 odporno\u015bci\u0105 na promieniowanie UV, dzi\u0119ki czemu mog\u0105 by\u0107 stosowane zar\u00f3wno wewn\u0105trz, jak i na zewn\u0105trz budynk\u00f3w, bez ryzyka utraty swoich w\u0142a\u015bciwo\u015bci. Ich kolor niebieski umo\u017cliwia \u0142atwe odr\u00f3\u017cnienie od innych ta\u015bm i pozwala na kontrolowanie procesu malowania. Ta\u015bmy malarskie papierowe UV niebieskie s\u0105 \u0142atwe w u\u017cyciu i idealnie przylegaj\u0105 do r\u00f3\u017cnych powierzchni, dzi\u0119ki czemu umo\u017cliwiaj\u0105 tworzenie ostro odgraniczonych linii oraz chroni\u0105 powierzchnie przed zabrudzeniami.<\/p>\n\n\n\n<p><strong>Ta\u015bmy \u0142aczeniowe do p\u0142yt GK<\/strong>&nbsp;Ta\u015bma \u0142\u0105czeniowa g\u0142\u00f3wnie s\u0142u\u017cy do \u0142\u0105czenia p\u0142yt kartonowo-gipsowych tak aby powsta\u0142e szczeliny podczas stawiania \u015bcian dzia\u0142owych zosta\u0142y zakryte, \u015bwietnie sprawdzi si\u0119 te\u017c przy maskowaniu dziur, ubytk\u00f3w w tynkach i p\u0142ytach na \u015bcianie oraz suficie.<\/p>\n\n\n\n<p><strong>Ta\u015bmy papierowe z wk\u0142adk\u0105 aluminiow\u0105&nbsp;<\/strong>Odporna na korozj\u0119, Idealna dla naro\u017cy o dowolnym k\u0105cie Elastyczna ta\u015bma papierowa, zbrojona podw\u00f3jnym stalowym pasem powlekanym warstw\u0105 aluminium. Paski gwarantuj\u0105 trwa\u0142o\u015b\u0107 wykonanych naro\u017cnik\u00f3w, a felcowanie w \u015brodkowej cz\u0119\u015bci u\u0142atwia prawid\u0142owy monta\u017c. Wykazuje du\u017c\u0105 wytrzyma\u0142o\u015b\u0107 na uszkodzenia mechaniczne i na rozrywanie. Ta\u015bma przeznaczona jest do zabezpieczania zewn\u0119trznych i wewn\u0119trznych naro\u017cnik\u00f3w \u015bcian gipsowo-kartonowych. Umo\u017cliwia wyka\u0144czanie \u0142uk\u00f3w oraz ostrych naro\u017cnik\u00f3w o dowolnym k\u0105cie. Ta\u015bma \u015bwietnie nadaje si\u0119 r\u00f3wnie\u017c do \u0142\u0105cze\u0144 p\u0142askich p\u0142yt g-k. Materia\u0142: Ta\u015bma papierowa zbrojona podw\u00f3jnym stalowym pasem powlekanym warstw\u0105 aluminium, felcowana w \u015brodkowej cz\u0119\u015bci do zabezpieczania zewn\u0119trznych i wewn\u0119trznych naro\u017cnik\u00f3w \u015bcian gipsowo-kartonowych oraz \u0142uk\u00f3w.<\/p>\n\n\n\n<p><strong>Ta\u015bma akustyczna FILCOWA<\/strong>&nbsp;3mm 15m do profili 30mm .Filc idealnie naddaje si\u0119 do suchej zabudowy. Jest to produkt wysokiej jako\u015bci. Stanowczo lepiej t\u0142umi drgania ni\u017c tradycyjna ta\u015bma akustyczna.<\/p>\n\n\n\n<p><strong>Ta\u015bma uszczelniaj\u0105ca butylowa GRANDES<\/strong><br>Super mocna ta\u015bma samoprzylepna GRANDES to niezawodne rozwi\u0105zanie do szybkiego i trwa\u0142ego uszczelniania. Dzi\u0119ki zastosowaniu kauczuku butylowego i aluminiowej pow\u0142oki sprawdza si\u0119 w najci\u0119\u017cszych warunkach \u2013 zar\u00f3wno w domu, jak i w profesjonalnym budownictwie czy motoryzacji.<br>Ta\u015bma uszczelniaj\u0105ca znajduje zastosowanie w wielu dziedzinach:<br>\u2022 uszczelnianie dach\u00f3w, komin\u00f3w i rynien<br>\u2022 \u0142atanie p\u0119kni\u0119\u0107 i dziur w betonie, cegle, tworzywach sztucznych<br>\u2022 zabezpieczenie okien i drzwi<br>\u2022 likwidacja mostk\u00f3w cieplnych<br>\u2022 naprawa plandek, przyczep i naczep<br>\u2022 uszczelnianie karoserii i element\u00f3w blacharskich<br>\u2022 naprawa basen\u00f3w ogrodowych, ponton\u00f3w, kajak\u00f3w i \u0142odzi<br>\u2022 uszczelnianie zbiornik\u00f3w i system\u00f3w nawadniaj\u0105cych<br>\u2022 rury wodoci\u0105gowe, kanalizacyjne i wentylacyjne<br>\u2022 kontenery i instalacje przemys\u0142owe<\/p>\n<\/div>\n\n\n\n<div class=\"wp-block-column is-layout-flow wp-block-column-is-layout-flow\" style=\"flex-basis:50%\">\n<figure class=\"wp-block-gallery has-nested-images columns-default is-cropped wp-block-gallery-1 is-layout-flex wp-block-gallery-is-layout-flex\"><div class=\"wp-block-image\">\n<figure class=\"aligncenter size-large\"><img loading=\"lazy\" decoding=\"async\" width=\"1024\" height=\"1024\" data-id=\"223708\" src=\"https:\/\/www.paper-tech.com.pl\/wp-content\/uploads\/2023\/12\/Tasma_akustyczna.png_Easy-Resize.com_-1-1024x1024.jpg\" alt=\"\" class=\"wp-image-223708\" srcset=\"https:\/\/www.paper-tech.com.pl\/wp-content\/uploads\/2023\/12\/Tasma_akustyczna.png_Easy-Resize.com_-1-1024x1024.jpg 1024w, https:\/\/www.paper-tech.com.pl\/wp-content\/uploads\/2023\/12\/Tasma_akustyczna.png_Easy-Resize.com_-1-300x300.jpg 300w, https:\/\/www.paper-tech.com.pl\/wp-content\/uploads\/2023\/12\/Tasma_akustyczna.png_Easy-Resize.com_-1-150x150.jpg 150w, https:\/\/www.paper-tech.com.pl\/wp-content\/uploads\/2023\/12\/Tasma_akustyczna.png_Easy-Resize.com_-1-768x768.jpg 768w, https:\/\/www.paper-tech.com.pl\/wp-content\/uploads\/2023\/12\/Tasma_akustyczna.png_Easy-Resize.com_-1-60x60.jpg 60w, https:\/\/www.paper-tech.com.pl\/wp-content\/uploads\/2023\/12\/Tasma_akustyczna.png_Easy-Resize.com_-1.jpg 1280w\" sizes=\"auto, (max-width: 1024px) 100vw, 1024px\" \/><\/figure>\n<\/div>\n\n<div class=\"wp-block-image\">\n<figure class=\"aligncenter size-large\"><img loading=\"lazy\" decoding=\"async\" width=\"1024\" height=\"1024\" data-id=\"223659\" src=\"https:\/\/www.paper-tech.com.pl\/wp-content\/uploads\/2023\/12\/tasma-tynkarska-szeroka-1024x1024.jpg\" alt=\"\" class=\"wp-image-223659\" srcset=\"https:\/\/www.paper-tech.com.pl\/wp-content\/uploads\/2023\/12\/tasma-tynkarska-szeroka-1024x1024.jpg 1024w, https:\/\/www.paper-tech.com.pl\/wp-content\/uploads\/2023\/12\/tasma-tynkarska-szeroka-300x300.jpg 300w, https:\/\/www.paper-tech.com.pl\/wp-content\/uploads\/2023\/12\/tasma-tynkarska-szeroka-150x150.jpg 150w, https:\/\/www.paper-tech.com.pl\/wp-content\/uploads\/2023\/12\/tasma-tynkarska-szeroka-768x768.jpg 768w, https:\/\/www.paper-tech.com.pl\/wp-content\/uploads\/2023\/12\/tasma-tynkarska-szeroka-60x60.jpg 60w, https:\/\/www.paper-tech.com.pl\/wp-content\/uploads\/2023\/12\/tasma-tynkarska-szeroka.jpg 1280w\" sizes=\"auto, (max-width: 1024px) 100vw, 1024px\" \/><\/figure>\n<\/div>\n\n<div class=\"wp-block-image\">\n<figure class=\"aligncenter size-large\"><img loading=\"lazy\" decoding=\"async\" width=\"1024\" height=\"1024\" data-id=\"224718\" src=\"https:\/\/www.paper-tech.com.pl\/wp-content\/uploads\/2026\/02\/tasma-samoprzylepna-688-1024x1024.jpg\" alt=\"\" class=\"wp-image-224718\" srcset=\"https:\/\/www.paper-tech.com.pl\/wp-content\/uploads\/2026\/02\/tasma-samoprzylepna-688-1024x1024.jpg 1024w, https:\/\/www.paper-tech.com.pl\/wp-content\/uploads\/2026\/02\/tasma-samoprzylepna-688-300x300.jpg 300w, https:\/\/www.paper-tech.com.pl\/wp-content\/uploads\/2026\/02\/tasma-samoprzylepna-688-150x150.jpg 150w, https:\/\/www.paper-tech.com.pl\/wp-content\/uploads\/2026\/02\/tasma-samoprzylepna-688-768x768.jpg 768w, https:\/\/www.paper-tech.com.pl\/wp-content\/uploads\/2026\/02\/tasma-samoprzylepna-688-60x60.jpg 60w, https:\/\/www.paper-tech.com.pl\/wp-content\/uploads\/2026\/02\/tasma-samoprzylepna-688.jpg 1080w\" sizes=\"auto, (max-width: 1024px) 100vw, 1024px\" \/><\/figure>\n<\/div>\n\n<div class=\"wp-block-image\">\n<figure class=\"aligncenter size-large\"><img loading=\"lazy\" decoding=\"async\" width=\"1024\" height=\"1024\" data-id=\"223690\" src=\"https:\/\/www.paper-tech.com.pl\/wp-content\/uploads\/2023\/12\/tasma-maskujaca-1024x1024.jpg\" alt=\"\" class=\"wp-image-223690\" srcset=\"https:\/\/www.paper-tech.com.pl\/wp-content\/uploads\/2023\/12\/tasma-maskujaca-1024x1024.jpg 1024w, https:\/\/www.paper-tech.com.pl\/wp-content\/uploads\/2023\/12\/tasma-maskujaca-300x300.jpg 300w, https:\/\/www.paper-tech.com.pl\/wp-content\/uploads\/2023\/12\/tasma-maskujaca-150x150.jpg 150w, https:\/\/www.paper-tech.com.pl\/wp-content\/uploads\/2023\/12\/tasma-maskujaca-768x768.jpg 768w, https:\/\/www.paper-tech.com.pl\/wp-content\/uploads\/2023\/12\/tasma-maskujaca-60x60.jpg 60w, https:\/\/www.paper-tech.com.pl\/wp-content\/uploads\/2023\/12\/tasma-maskujaca.jpg 1280w\" sizes=\"auto, (max-width: 1024px) 100vw, 1024px\" \/><\/figure>\n<\/div>\n\n\n<figure class=\"wp-block-image size-large\"><img loading=\"lazy\" decoding=\"async\" width=\"1024\" height=\"1024\" data-id=\"223603\" src=\"https:\/\/www.paper-tech.com.pl\/wp-content\/uploads\/2023\/12\/naroznikowa-tasma-1024x1024.jpg\" alt=\"\" class=\"wp-image-223603\" srcset=\"https:\/\/www.paper-tech.com.pl\/wp-content\/uploads\/2023\/12\/naroznikowa-tasma-1024x1024.jpg 1024w, https:\/\/www.paper-tech.com.pl\/wp-content\/uploads\/2023\/12\/naroznikowa-tasma-300x300.jpg 300w, https:\/\/www.paper-tech.com.pl\/wp-content\/uploads\/2023\/12\/naroznikowa-tasma-150x150.jpg 150w, https:\/\/www.paper-tech.com.pl\/wp-content\/uploads\/2023\/12\/naroznikowa-tasma-768x768.jpg 768w, https:\/\/www.paper-tech.com.pl\/wp-content\/uploads\/2023\/12\/naroznikowa-tasma-60x60.jpg 60w, https:\/\/www.paper-tech.com.pl\/wp-content\/uploads\/2023\/12\/naroznikowa-tasma.jpg 1280w\" sizes=\"auto, (max-width: 1024px) 100vw, 1024px\" \/><\/figure>\n<\/figure>\n\n\n\n<figure class=\"wp-block-image size-full\"><img loading=\"lazy\" decoding=\"async\" width=\"500\" height=\"500\" src=\"https:\/\/www.paper-tech.com.pl\/wp-content\/uploads\/2026\/02\/Black-and-white-minimalist-jewelry-logo-27.png\" alt=\"\" class=\"wp-image-224703\" srcset=\"https:\/\/www.paper-tech.com.pl\/wp-content\/uploads\/2026\/02\/Black-and-white-minimalist-jewelry-logo-27.png 500w, https:\/\/www.paper-tech.com.pl\/wp-content\/uploads\/2026\/02\/Black-and-white-minimalist-jewelry-logo-27-300x300.png 300w, https:\/\/www.paper-tech.com.pl\/wp-content\/uploads\/2026\/02\/Black-and-white-minimalist-jewelry-logo-27-150x150.png 150w, https:\/\/www.paper-tech.com.pl\/wp-content\/uploads\/2026\/02\/Black-and-white-minimalist-jewelry-logo-27-60x60.png 60w\" sizes=\"auto, (max-width: 500px) 100vw, 500px\" \/><\/figure>\n\n\n\n<figure class=\"wp-block-image size-full\"><img loading=\"lazy\" decoding=\"async\" width=\"462\" height=\"433\" src=\"https:\/\/www.paper-tech.com.pl\/wp-content\/uploads\/2026\/02\/fizelina-Photoroom.jpg\" alt=\"\" class=\"wp-image-224720\" srcset=\"https:\/\/www.paper-tech.com.pl\/wp-content\/uploads\/2026\/02\/fizelina-Photoroom.jpg 462w, https:\/\/www.paper-tech.com.pl\/wp-content\/uploads\/2026\/02\/fizelina-Photoroom-64x60.jpg 64w\" sizes=\"auto, (max-width: 462px) 100vw, 462px\" \/><\/figure>\n\n\n\n<figure class=\"wp-block-image size-full\"><img loading=\"lazy\" decoding=\"async\" width=\"1076\" height=\"1123\" src=\"https:\/\/www.paper-tech.com.pl\/wp-content\/uploads\/2026\/02\/siatka-do-regipsow.png\" alt=\"\" class=\"wp-image-224721\" srcset=\"https:\/\/www.paper-tech.com.pl\/wp-content\/uploads\/2026\/02\/siatka-do-regipsow.png 1076w, https:\/\/www.paper-tech.com.pl\/wp-content\/uploads\/2026\/02\/siatka-do-regipsow-57x60.png 57w\" sizes=\"auto, (max-width: 1076px) 100vw, 1076px\" \/><\/figure>\n<\/div>\n<\/div>\n","protected":false},"excerpt":{"rendered":"<p>Ta\u015bmy akustyczne&nbsp;Wykonane z wysokiej jako\u015bci elastycznej pianki polietylenowej o strukturze zamkni\u0119tych kom\u00f3rek. Ta\u015bmy dobrze przylegaj\u0105 do powierzchni. Z uwagi na bardzo dobre w\u0142a\u015bciwo\u015bci izolacyjne oraz wyg\u0142uszaj\u0105ce jest materia\u0142em z powodzeniem wykorzystywanym przy instalacji system\u00f3w lekkiej zabudowy. Ta\u015bmy podnosz\u0105 izolacj\u0119-zapobiegaj\u0105 powstaniu p\u0119kni\u0119\u0107. Pianka nie ch\u0142onie wody i izoluje ciep\u0142o. Ta\u015bmy posiada bardzo nisk\u0105 para-przepuszczalno\u015b\u0107, a warstwa &hellip; <\/p>\n","protected":false},"author":1,"featured_media":0,"parent":0,"menu_order":0,"comment_status":"closed","ping_status":"closed","template":"","meta":{"om_disable_all_campaigns":false,"_monsterinsights_skip_tracking":false,"_monsterinsights_sitenote_active":false,"_monsterinsights_sitenote_note":"","_monsterinsights_sitenote_category":0,"footnotes":""},"class_list":["post-223358","page","type-page","status-publish","hentry","grid-sizer"],"aioseo_notices":[],"_links":{"self":[{"href":"https:\/\/www.paper-tech.com.pl\/index.php\/wp-json\/wp\/v2\/pages\/223358","targetHints":{"allow":["GET"]}}],"collection":[{"href":"https:\/\/www.paper-tech.com.pl\/index.php\/wp-json\/wp\/v2\/pages"}],"about":[{"href":"https:\/\/www.paper-tech.com.pl\/index.php\/wp-json\/wp\/v2\/types\/page"}],"author":[{"embeddable":true,"href":"https:\/\/www.paper-tech.com.pl\/index.php\/wp-json\/wp\/v2\/users\/1"}],"replies":[{"embeddable":true,"href":"https:\/\/www.paper-tech.com.pl\/index.php\/wp-json\/wp\/v2\/comments?post=223358"}],"version-history":[{"count":5,"href":"https:\/\/www.paper-tech.com.pl\/index.php\/wp-json\/wp\/v2\/pages\/223358\/revisions"}],"predecessor-version":[{"id":224722,"href":"https:\/\/www.paper-tech.com.pl\/index.php\/wp-json\/wp\/v2\/pages\/223358\/revisions\/224722"}],"wp:attachment":[{"href":"https:\/\/www.paper-tech.com.pl\/index.php\/wp-json\/wp\/v2\/media?parent=223358"}],"curies":[{"name":"wp","href":"https:\/\/api.w.org\/{rel}","templated":true}]}}