{"id":223363,"date":"2023-12-27T09:39:53","date_gmt":"2023-12-27T09:39:53","guid":{"rendered":"https:\/\/www.paper-tech.com.pl\/?page_id=223363"},"modified":"2024-05-23T10:04:20","modified_gmt":"2024-05-23T10:04:20","slug":"dyspensery-2","status":"publish","type":"page","link":"https:\/\/www.paper-tech.com.pl\/index.php\/dyspensery-2\/","title":{"rendered":"Dyspensery"},"content":{"rendered":"\n<div class=\"wp-block-columns is-layout-flex wp-container-core-columns-is-layout-9d6595d7 wp-block-columns-is-layout-flex\">\n<div class=\"wp-block-column is-layout-flow wp-block-column-is-layout-flow\" style=\"flex-basis:50%\">\n<p><strong>Dyspenser ta\u015bmy pakowej&nbsp; do 50mm SIAT<\/strong>&nbsp;<strong>&nbsp;<\/strong>Urz\u0105dzenie przystosowane jest do podawania ta\u015bm klej\u0105cych o szeroko\u015bci do 50mm. Cechy produktu: Nowy dyspenser do tasmy pakowej Maksymalna \u015brednica zewn\u0119trzna rolki ta\u015bmy: 140 mm .Metalowe z\u0105bki. Ergonomiczna r\u0119koje\u015b\u0107. Dyspenser do ta\u015bmy 9mm-50mm Jest to bardzo praktyczny sto\u0142owy dyspenser do ta\u015bmy pakowej, jego zaleta jest mo\u017cliwo\u015b\u0107 u\u017cywania jednorazowo dw\u00f3ch rodzaj ta\u015bmy, np dw\u00f3ch kolor\u00f3w do wyboru.<br>Dwie ta\u015bmy s\u0105 mo\u017cliwe przy stosowaniu ta\u015bmy do 25mm.<\/p>\n\n\n\n<p><strong>Dyspenser do ta\u015bmy, zaklejarka H11 CP<\/strong>&nbsp;Pasuje do ta\u015bm o szeroko\u015bci 50 mm i w\u0119\u017cszych Posiada metalowe z\u0105bki u\u0142atwiaj\u0105ce przerywanie ta\u015bmy Pomocny przy oklejaniu paczek ta\u015bm\u0105 pakow\u0105 Wyposa\u017cony w regulacj\u0119 naci\u0105gu ta\u015bmy oraz hamulec. Solidne wykonanie Idealny przy pracy w magazynach i biurach. Dyspenser h11 cp jest lekkim dyspenserem o mocnej konstrukcji.<br>Tworzywo z kt\u00f3rego zosta\u0142 wykonany jest elastyczne i wytrzyma\u0142e na upadki.<br>Maksymalna d\u0142ugo\u015b\u0107 ta\u015bmy na rolce to 132m<br>Dyspenser h11 cp posiada regulacj\u0119 napi\u0119cia ta\u015bmy.<\/p>\n\n\n\n<p><strong>Dyspenser mini-wrap 140mm<\/strong>&nbsp;Srednica tulei Minirap: 38 mm, D\u0142ugo\u015b\u0107 rolki Minirap: do 15 cm<\/p>\n\n\n\n<p><strong>Dyspenser do folii stretch&nbsp;<\/strong>Dyspenser zosta\u0142 stworzony w celu \u0142atwego i szybkiego naci\u0105gania folii stretch. Prosty i skuteczny monta\u017c na rolce, kt\u00f3ry u\u0142atwia prac\u0119 podczas pakowania przesy\u0142ek, a tak\u017ce ochroni nasze d\u0142onie przed uszkodzeniem. Uchwyt pasuje zar\u00f3wno do du\u017cych jak i ma\u0142ych rolek folii stretch.<\/p>\n\n\n\n<p><strong>Dyspenser &#8222;SZWED&#8221; 75mm&nbsp;<\/strong>Dyspenser do ta\u015bm pakowych &#8222;Szwed&#8221; to niezast\u0105pione narz\u0119dzie w pracy, kt\u00f3ra wymaga du\u017cej precyzji i jednocze\u015bnie szybkiego dzia\u0142ania. Dyspenser zbudowany jest z metalu (korpus) i wysokiej jako\u015bci plastiku (uchwyt). Obs\u0142uguje ta\u015bmy o szeroko\u015bci 75 mm. To ma\u0142e narz\u0119dzie znacznie poprawi jako\u015b\u0107 pracy w biurze, magazynie, sklepie internetowym, hurtowni czy fabryce. Dyspenser do ta\u015bm pakowych &#8222;Szwed&#8221; jest \u0142atwy w u\u017cyciu i praktyczny.<\/p>\n\n\n\n<p><strong>Dyspenser &#8222;SZWED&#8221; 50mm<\/strong>&nbsp;jest przystosowany do ta\u015bmy o szeroko\u015bci do 50mm.Odpowiednio wyprofilowany uchwyt oraz regulowany hamulec zapewniaj\u0105 \u0142atwe i ergonomiczne u\u017cytkowanie.Chowane ostrze. Szeroko\u015b\u0107 ta\u015bmy: do 50 mmMaks szeroko\u015b\u0107 tulei: 76 mm. Materia\u0142 wykonania: Metal<\/p>\n\n\n\n<p><strong>Dyspenser do zaklejania woreczk\u00f3w<\/strong><br>Solidnie wykonany dyspenser do ta\u015bmy pakowej 9mm-12mm, s\u0142u\u017c\u0105cy do szczelnego zaklejania woreczk\u00f3w.<br>Sto\u0142owy dyspenser do ta\u015bmy pakowej odcina ta\u015bm\u0119 zaklejaj\u0105c\u0105 woreczek oraz ko\u0144c\u00f3wk\u0119 woreczka.<br>Urz\u0105dzenie mo\u017ce zosta\u0107 przykr\u0119cone do sto\u0142u( posiada otwory na wkr\u0119ty), jest tez wyposa\u017cone w podk\u0142adki antypo\u015blizgowe<\/p>\n\n\n\n<p><strong>Dyspenser do ta\u015bmy pakowej H14 typu \u201cholender\u201d<\/strong><br>Dyspenser h14 jest du\u017cym dyspenserem o mocnej konstrukcji przeznaczonym do ta\u015bmy pakowej 50mm.<br>Ca\u0142a konstrukcja dyspensera jest metalowa, r\u0119koje\u015b\u0107 wykonana zosta\u0142a z wytrzyma\u0142ego plastiku pokrytego gum\u0105 dla lepszego uchwytu.<br>Dyspenser h14 posiada regulacj\u0119 napi\u0119cia ta\u015bmy.<br>N\u00f3\u017c dyspensera wysuwa si\u0119 w momencie odcinania ta\u015bmy, przez co jest bardzo bezpieczny dla operatora, podczas upadku n\u00f3\u017c nie jest nara\u017cony na uszkodzenie.<\/p>\n\n\n\n<p><strong>Dyspenser \/ odwijarka do folii Stretch&nbsp; SP50&nbsp;<\/strong>\u015arednica tulei: 50mm ,Szeroko\u015b\u0107 rolki: od 300mm do 500mm<\/p>\n<\/div>\n\n\n\n<div class=\"wp-block-column is-layout-flow wp-block-column-is-layout-flow\" style=\"flex-basis:50%\">\n<figure class=\"wp-block-gallery has-nested-images columns-default is-cropped wp-block-gallery-1 is-layout-flex wp-block-gallery-is-layout-flex\"><div class=\"wp-block-image\">\n<figure class=\"aligncenter size-large\"><img loading=\"lazy\" decoding=\"async\" width=\"1024\" height=\"1024\" data-id=\"223569\" src=\"https:\/\/www.paper-tech.com.pl\/wp-content\/uploads\/2023\/12\/dyspenser-dobry-1024x1024.jpg\" alt=\"\" class=\"wp-image-223569\" srcset=\"https:\/\/www.paper-tech.com.pl\/wp-content\/uploads\/2023\/12\/dyspenser-dobry-1024x1024.jpg 1024w, https:\/\/www.paper-tech.com.pl\/wp-content\/uploads\/2023\/12\/dyspenser-dobry-300x300.jpg 300w, https:\/\/www.paper-tech.com.pl\/wp-content\/uploads\/2023\/12\/dyspenser-dobry-150x150.jpg 150w, https:\/\/www.paper-tech.com.pl\/wp-content\/uploads\/2023\/12\/dyspenser-dobry-768x768.jpg 768w, https:\/\/www.paper-tech.com.pl\/wp-content\/uploads\/2023\/12\/dyspenser-dobry-60x60.jpg 60w, https:\/\/www.paper-tech.com.pl\/wp-content\/uploads\/2023\/12\/dyspenser-dobry.jpg 1280w\" sizes=\"auto, (max-width: 1024px) 100vw, 1024px\" \/><\/figure>\n<\/div>\n\n<div class=\"wp-block-image\">\n<figure class=\"aligncenter size-large\"><img loading=\"lazy\" decoding=\"async\" width=\"1024\" height=\"1024\" data-id=\"223570\" src=\"https:\/\/www.paper-tech.com.pl\/wp-content\/uploads\/2023\/12\/dyspenser-1-1024x1024.jpg\" alt=\"\" class=\"wp-image-223570\" srcset=\"https:\/\/www.paper-tech.com.pl\/wp-content\/uploads\/2023\/12\/dyspenser-1-1024x1024.jpg 1024w, https:\/\/www.paper-tech.com.pl\/wp-content\/uploads\/2023\/12\/dyspenser-1-300x300.jpg 300w, https:\/\/www.paper-tech.com.pl\/wp-content\/uploads\/2023\/12\/dyspenser-1-150x150.jpg 150w, https:\/\/www.paper-tech.com.pl\/wp-content\/uploads\/2023\/12\/dyspenser-1-768x768.jpg 768w, https:\/\/www.paper-tech.com.pl\/wp-content\/uploads\/2023\/12\/dyspenser-1-60x60.jpg 60w, https:\/\/www.paper-tech.com.pl\/wp-content\/uploads\/2023\/12\/dyspenser-1.jpg 1280w\" sizes=\"auto, (max-width: 1024px) 100vw, 1024px\" \/><\/figure>\n<\/div>\n\n<div class=\"wp-block-image\">\n<figure class=\"aligncenter size-large\"><img loading=\"lazy\" decoding=\"async\" width=\"1024\" height=\"1024\" data-id=\"223571\" src=\"https:\/\/www.paper-tech.com.pl\/wp-content\/uploads\/2023\/12\/dyspensery-do-tasm-1-1024x1024.jpg\" alt=\"\" class=\"wp-image-223571\" srcset=\"https:\/\/www.paper-tech.com.pl\/wp-content\/uploads\/2023\/12\/dyspensery-do-tasm-1-1024x1024.jpg 1024w, https:\/\/www.paper-tech.com.pl\/wp-content\/uploads\/2023\/12\/dyspensery-do-tasm-1-300x300.jpg 300w, https:\/\/www.paper-tech.com.pl\/wp-content\/uploads\/2023\/12\/dyspensery-do-tasm-1-150x150.jpg 150w, https:\/\/www.paper-tech.com.pl\/wp-content\/uploads\/2023\/12\/dyspensery-do-tasm-1-768x768.jpg 768w, https:\/\/www.paper-tech.com.pl\/wp-content\/uploads\/2023\/12\/dyspensery-do-tasm-1-60x60.jpg 60w, https:\/\/www.paper-tech.com.pl\/wp-content\/uploads\/2023\/12\/dyspensery-do-tasm-1.jpg 1280w\" sizes=\"auto, (max-width: 1024px) 100vw, 1024px\" \/><\/figure>\n<\/div><\/figure>\n<\/div>\n<\/div>\n","protected":false},"excerpt":{"rendered":"<p>Dyspenser ta\u015bmy pakowej&nbsp; do 50mm SIAT&nbsp;&nbsp;Urz\u0105dzenie przystosowane jest do podawania ta\u015bm klej\u0105cych o szeroko\u015bci do 50mm. Cechy produktu: Nowy dyspenser do tasmy pakowej Maksymalna \u015brednica zewn\u0119trzna rolki ta\u015bmy: 140 mm .Metalowe z\u0105bki. Ergonomiczna r\u0119koje\u015b\u0107. Dyspenser do ta\u015bmy 9mm-50mm Jest to bardzo praktyczny sto\u0142owy dyspenser do ta\u015bmy pakowej, jego zaleta jest mo\u017cliwo\u015b\u0107 u\u017cywania jednorazowo dw\u00f3ch rodzaj &hellip; <\/p>\n","protected":false},"author":1,"featured_media":0,"parent":0,"menu_order":0,"comment_status":"closed","ping_status":"closed","template":"","meta":{"om_disable_all_campaigns":false,"_monsterinsights_skip_tracking":false,"_monsterinsights_sitenote_active":false,"_monsterinsights_sitenote_note":"","_monsterinsights_sitenote_category":0,"footnotes":""},"class_list":["post-223363","page","type-page","status-publish","hentry","grid-sizer"],"aioseo_notices":[],"_links":{"self":[{"href":"https:\/\/www.paper-tech.com.pl\/index.php\/wp-json\/wp\/v2\/pages\/223363","targetHints":{"allow":["GET"]}}],"collection":[{"href":"https:\/\/www.paper-tech.com.pl\/index.php\/wp-json\/wp\/v2\/pages"}],"about":[{"href":"https:\/\/www.paper-tech.com.pl\/index.php\/wp-json\/wp\/v2\/types\/page"}],"author":[{"embeddable":true,"href":"https:\/\/www.paper-tech.com.pl\/index.php\/wp-json\/wp\/v2\/users\/1"}],"replies":[{"embeddable":true,"href":"https:\/\/www.paper-tech.com.pl\/index.php\/wp-json\/wp\/v2\/comments?post=223363"}],"version-history":[{"count":9,"href":"https:\/\/www.paper-tech.com.pl\/index.php\/wp-json\/wp\/v2\/pages\/223363\/revisions"}],"predecessor-version":[{"id":224491,"href":"https:\/\/www.paper-tech.com.pl\/index.php\/wp-json\/wp\/v2\/pages\/223363\/revisions\/224491"}],"wp:attachment":[{"href":"https:\/\/www.paper-tech.com.pl\/index.php\/wp-json\/wp\/v2\/media?parent=223363"}],"curies":[{"name":"wp","href":"https:\/\/api.w.org\/{rel}","templated":true}]}}